{"id":8,"date":"2020-02-26T13:29:00","date_gmt":"2020-02-26T16:29:00","guid":{"rendered":"https:\/\/www.empatia.la\/?page_id=8"},"modified":"2021-05-07T14:42:08","modified_gmt":"2021-05-07T17:42:08","slug":"inicio","status":"publish","type":"page","link":"https:\/\/ilda.la\/empatia\/","title":{"rendered":"Inicio"},"content":{"rendered":"<section class=\"destacado-home f-blanco\" id=\"destacado\" >\n\t<div class=\"big-container\">\n\t\t<main>\n\t\t\t<h3 class=\"subtitulo-uno\">Am\u00e9rica Latina <\/h3>\n\t\t\t<h2 class=\"titulo-uno\">Inteligencia Artificial para el desarrollo <\/h2>\n\t\t<\/main>\n\t<\/div>\n<\/section>\n<style type=\"text\/css\">\n\t#destacado{\n\t\tbackground-image:url(https:\/\/ilda.la\/empatia\/wp-content\/uploads\/2020\/02\/fondo_home-1.jpg);\n\t}\n\t@media all and (orientation:portrait){\n\t\t#destacado{\n\t\t\tbackground-image:url(https:\/\/ilda.la\/empatia\/wp-content\/uploads\/2020\/02\/fondo_home_mob.jpg);\t\t\n\t\t}\n\t}\n<\/style>\n\n\n<div class=\"encabezado-contenedor\">\n<header class=\"encabezado-ilda \">\n\t<div class=\"big-container contenedor\">\n\t<div class=\"parte-uno\">\n\t\t\t\t<h3 class=\"subtitulo-uno\">Acerca de Empat\u00eda<\/h3>\n\t\t\t<h2 class=\"titulo-uno\"><\/h2>\n\t<\/div>\n\t<div class=\"parte-dos\">\n\t\t<div class=\"espacio-uno\">\n\t\t\t\t\n\t\t\t\t<\/div>\n\t\t<div class=\"texto\">\n\t\t\t<p>ILDA y el Centro Latam Digital, con el apoyo de IDRC, y el BID han iniciado un proyecto para entender y promover el <strong>uso de la Inteligencia Artificial (IA) para resolver problemas p\u00fablicos<\/strong> en el marco del proyecto global Artificial Intelligence for Development (AI4D). El proyecto tiene como objetivos:<\/p>\n\t\t\t\t\n\t\t<\/div>\n\t<\/div>\n\t<\/div>\n<\/header>\n<\/div>\n\n<div class=\"separador\"><\/div>\n\n<section class=\"lista-iconos-container\">\n\t<div class=\"small-container\">\n<ul class=\"lista-iconos\">\n\t\t\t<li class=\"item-lista-iconos\">\n\t\t\t<article>\n\t\t\t\t<header>\n\t\t\t\t\t<img decoding=\"async\" src=\"https:\/\/ilda.la\/empatia\/wp-content\/uploads\/2020\/02\/icon_01.png\">\n\t\t\t\t\t\t\t\t\t<\/header>\n\t\t\t\t<main>\n\t\t\t\t\t<p>\n\t\t\t\t\t\tPromover un mejor entendimiento de c\u00f3mo el sector p\u00fablico debe desarrollar pol\u00edticas de IA para el desarrollo, considerando aspectos \u00e9ticos, pol\u00edticos, sociales y econ\u00f3micos.\t\t\t\t\t<\/p>\n\t\t\t\t<\/main>\n\t\t\t<\/article>\n\t\t<\/li>\n\t\t\t<li class=\"item-lista-iconos\">\n\t\t\t<article>\n\t\t\t\t<header>\n\t\t\t\t\t<img decoding=\"async\" src=\"https:\/\/ilda.la\/empatia\/wp-content\/uploads\/2020\/02\/icon_02.png\">\n\t\t\t\t\t\t\t\t\t<\/header>\n\t\t\t\t<main>\n\t\t\t\t\t<p>\n\t\t\t\t\t\tPromover capacidades de tomadores de decisi\u00f3n en materia de dise\u00f1o y aplicaci\u00f3n de IA.\t\t\t\t\t<\/p>\n\t\t\t\t<\/main>\n\t\t\t<\/article>\n\t\t<\/li>\n\t\t\t<li class=\"item-lista-iconos\">\n\t\t\t<article>\n\t\t\t\t<header>\n\t\t\t\t\t<img decoding=\"async\" src=\"https:\/\/ilda.la\/empatia\/wp-content\/uploads\/2020\/02\/icon_03.png\">\n\t\t\t\t\t\t\t\t\t<\/header>\n\t\t\t\t<main>\n\t\t\t\t\t<p>\n\t\t\t\t\t\tPromover proyectos que exploren la resoluci\u00f3n de problemas p\u00fablicos a trav\u00e9s de la utilizaci\u00f3n de IA, con foco en aplicaciones en el sector p\u00fablico.\t\t\t\t\t<\/p>\n\t\t\t\t<\/main>\n\t\t\t<\/article>\n\t\t<\/li>\n\t<\/ul>\n<\/div>\n<\/section>\n\n<div class=\"separador\"><\/div>\n\n\n<section class=\"proyectos-entry f-blanco\" style=\"padding: 2em 0;\">\n\t<header>\n\t\t<div class=\"big-container\" style=\" display: block; text-align: center;\">\n\t\t\t<h2 class=\"titulo-uno\" >Proyectos destacados<\/h2>\n\t\t<\/div>\n\t<\/header>\n\t<div class=\"big-container row\">\n\t\t\t\t\t\n<article id=\"post-140\" class=\"small-post post-140 proyecto type-proyecto status-publish has-post-thumbnail hentry tag-ceguera tag-diabetes tag-diagnostico-temprano tag-empatia tag-hipertension tag-ia tag-ilda tag-inteligencia-artificial tag-mexico tag-perdida-de-vision tag-prosperia\">\n\n\t\t\t<header>\n\t<a href=\"https:\/\/ilda.la\/empatia\/proyecto\/prosperia\/\" title=\"ProsperIA \/ Detecci\u00f3n de enfermedades cr\u00f3nicas\" ><img loading=\"lazy\" decoding=\"async\" width=\"4168\" height=\"4167\" src=\"https:\/\/ilda.la\/empatia\/wp-content\/uploads\/2021\/11\/Enfermedades-Cronicas-FB.png\" class=\"attachment-post-thumbnail size-post-thumbnail wp-post-image\" alt=\"\" srcset=\"https:\/\/ilda.la\/empatia\/wp-content\/uploads\/2021\/11\/Enfermedades-Cronicas-FB.png 4168w, https:\/\/ilda.la\/empatia\/wp-content\/uploads\/2021\/11\/Enfermedades-Cronicas-FB-300x300.png 300w, https:\/\/ilda.la\/empatia\/wp-content\/uploads\/2021\/11\/Enfermedades-Cronicas-FB-1024x1024.png 1024w, https:\/\/ilda.la\/empatia\/wp-content\/uploads\/2021\/11\/Enfermedades-Cronicas-FB-150x150.png 150w, https:\/\/ilda.la\/empatia\/wp-content\/uploads\/2021\/11\/Enfermedades-Cronicas-FB-1536x1536.png 1536w, https:\/\/ilda.la\/empatia\/wp-content\/uploads\/2021\/11\/Enfermedades-Cronicas-FB-2048x2048.png 2048w\" sizes=\"auto, (max-width: 4168px) 100vw, 4168px\" \/><\/a>\n\t<\/header>\n\t\n\n<main>\n\t<h4 class=\"subtitulo-dos\"><a href=\"https:\/\/ilda.la\/empatia\/proyectos\/\">Proyecto<\/a><\/h4>\n\t<h2 class=\"entry-title titulo-dos\"><a href=\"https:\/\/ilda.la\/empatia\/proyecto\/prosperia\/\" title=\"ProsperIA \/ Detecci\u00f3n de enfermedades cr\u00f3nicas\" rel=\"bookmark\" >ProsperIA \/ Detecci\u00f3n de enfermedades cr\u00f3nicas<\/a>\n<\/h2> \n<div class=\"exc texto\">\n\t<p>M\u00c9XICO. ProsperIA es una iniciativa de impacto social cuyo objetivo es masificar la detecci\u00f3n y tratamiento temprano de enfermedades cr\u00f3nicas a trav\u00e9s de soluciones<\/p>\n<\/div>\n<\/main>\n<\/article>\t\t\t\t\t\n<article id=\"post-144\" class=\"small-post post-144 proyecto type-proyecto status-publish has-post-thumbnail hentry tag-bolivia tag-bot tag-contrataciones-publicas tag-empatia tag-ia tag-ilda tag-inteligencia-artificial\">\n\n\t\t\t<header>\n\t<a href=\"https:\/\/ilda.la\/empatia\/proyecto\/bot-de-monitoreo-de-compras-publicas\/\" title=\"LicitaBot\/ Contrataciones p\u00fablicas\" ><img loading=\"lazy\" decoding=\"async\" width=\"4168\" height=\"4168\" src=\"https:\/\/ilda.la\/empatia\/wp-content\/uploads\/2021\/04\/Licitabot.png\" class=\"attachment-post-thumbnail size-post-thumbnail wp-post-image\" alt=\"\" srcset=\"https:\/\/ilda.la\/empatia\/wp-content\/uploads\/2021\/04\/Licitabot.png 4168w, https:\/\/ilda.la\/empatia\/wp-content\/uploads\/2021\/04\/Licitabot-300x300.png 300w, https:\/\/ilda.la\/empatia\/wp-content\/uploads\/2021\/04\/Licitabot-1024x1024.png 1024w, https:\/\/ilda.la\/empatia\/wp-content\/uploads\/2021\/04\/Licitabot-150x150.png 150w, https:\/\/ilda.la\/empatia\/wp-content\/uploads\/2021\/04\/Licitabot-1536x1536.png 1536w, https:\/\/ilda.la\/empatia\/wp-content\/uploads\/2021\/04\/Licitabot-2048x2048.png 2048w\" sizes=\"auto, (max-width: 4168px) 100vw, 4168px\" \/><\/a>\n\t<\/header>\n\t\n\n<main>\n\t<h4 class=\"subtitulo-dos\"><a href=\"https:\/\/ilda.la\/empatia\/proyectos\/\">Proyecto<\/a><\/h4>\n\t<h2 class=\"entry-title titulo-dos\"><a href=\"https:\/\/ilda.la\/empatia\/proyecto\/bot-de-monitoreo-de-compras-publicas\/\" title=\"LicitaBot\/ Contrataciones p\u00fablicas\" rel=\"bookmark\" >LicitaBot\/ Contrataciones p\u00fablicas<\/a>\n<\/h2> \n<div class=\"exc texto\">\n\t<p>BOLIVIA. LicitaBot&nbsp;es un proyecto que busca acercar a las y los ciudadanos a la informaci\u00f3n sobre contrataciones p\u00fablicas que se encuentren abiertas en Bolivia.<\/p>\n<\/div>\n<\/main>\n<\/article>\t\t\t\t\t\n<article id=\"post-145\" class=\"small-post post-145 proyecto type-proyecto status-publish has-post-thumbnail hentry tag-argentina tag-conae tag-empatia tag-ia tag-ilda tag-inteligencia-artificial\">\n\n\t\t\t<header>\n\t<a href=\"https:\/\/ilda.la\/empatia\/proyecto\/conae\/\" title=\"CONAE\/ Calidad del aire\" ><img loading=\"lazy\" decoding=\"async\" width=\"4168\" height=\"4167\" src=\"https:\/\/ilda.la\/empatia\/wp-content\/uploads\/2021\/11\/Calidad-del-aire-Arg.png\" class=\"attachment-post-thumbnail size-post-thumbnail wp-post-image\" alt=\"\" srcset=\"https:\/\/ilda.la\/empatia\/wp-content\/uploads\/2021\/11\/Calidad-del-aire-Arg.png 4168w, https:\/\/ilda.la\/empatia\/wp-content\/uploads\/2021\/11\/Calidad-del-aire-Arg-300x300.png 300w, https:\/\/ilda.la\/empatia\/wp-content\/uploads\/2021\/11\/Calidad-del-aire-Arg-1024x1024.png 1024w, https:\/\/ilda.la\/empatia\/wp-content\/uploads\/2021\/11\/Calidad-del-aire-Arg-150x150.png 150w, https:\/\/ilda.la\/empatia\/wp-content\/uploads\/2021\/11\/Calidad-del-aire-Arg-1536x1536.png 1536w, https:\/\/ilda.la\/empatia\/wp-content\/uploads\/2021\/11\/Calidad-del-aire-Arg-2048x2048.png 2048w\" sizes=\"auto, (max-width: 4168px) 100vw, 4168px\" \/><\/a>\n\t<\/header>\n\t\n\n<main>\n\t<h4 class=\"subtitulo-dos\"><a href=\"https:\/\/ilda.la\/empatia\/proyectos\/\">Proyecto<\/a><\/h4>\n\t<h2 class=\"entry-title titulo-dos\"><a href=\"https:\/\/ilda.la\/empatia\/proyecto\/conae\/\" title=\"CONAE\/ Calidad del aire\" rel=\"bookmark\" >CONAE\/ Calidad del aire<\/a>\n<\/h2> \n<div class=\"exc texto\">\n\t<p>ARGENTINA. La gesti\u00f3n de la calidad del aire es un problema dif\u00edcil de atender en Argentina por la falta de mediciones continuas que sirvan<\/p>\n<\/div>\n<\/main>\n<\/article>\t\t\t\t\t\n<article id=\"post-141\" class=\"small-post post-141 proyecto type-proyecto status-publish has-post-thumbnail hentry tag-computer-vision tag-dinagua tag-empatia tag-ia tag-ilda tag-inteligencia-artificial tag-recursos-hidricos tag-tomas-de-agua tag-uruguay tag-vision-por-computadora\">\n\n\t\t\t<header>\n\t<a href=\"https:\/\/ilda.la\/empatia\/proyecto\/dinagua\/\" title=\"DINAGUA\/ Control de tomas de agua\" ><img loading=\"lazy\" decoding=\"async\" width=\"350\" height=\"349\" src=\"https:\/\/ilda.la\/empatia\/wp-content\/uploads\/2021\/04\/dinagua-1.png\" class=\"attachment-post-thumbnail size-post-thumbnail wp-post-image\" alt=\"\" srcset=\"https:\/\/ilda.la\/empatia\/wp-content\/uploads\/2021\/04\/dinagua-1.png 350w, https:\/\/ilda.la\/empatia\/wp-content\/uploads\/2021\/04\/dinagua-1-300x300.png 300w, https:\/\/ilda.la\/empatia\/wp-content\/uploads\/2021\/04\/dinagua-1-150x150.png 150w\" sizes=\"auto, (max-width: 350px) 100vw, 350px\" \/><\/a>\n\t<\/header>\n\t\n\n<main>\n\t<h4 class=\"subtitulo-dos\"><a href=\"https:\/\/ilda.la\/empatia\/proyectos\/\">Proyecto<\/a><\/h4>\n\t<h2 class=\"entry-title titulo-dos\"><a href=\"https:\/\/ilda.la\/empatia\/proyecto\/dinagua\/\" title=\"DINAGUA\/ Control de tomas de agua\" rel=\"bookmark\" >DINAGUA\/ Control de tomas de agua<\/a>\n<\/h2> \n<div class=\"exc texto\">\n\t<p>URUGUAY. El objetivo de la propuesta consiste en el desarrollo e incorporaci\u00f3n de una herramienta tecnol\u00f3gica que permita detectar tomas de extracci\u00f3n directas en<\/p>\n<\/div>\n<\/main>\n<\/article>\t\t\t\t\t\n<article id=\"post-143\" class=\"small-post post-143 proyecto type-proyecto status-publish has-post-thumbnail hentry tag-calidad-del-aire tag-chile tag-emisiones-contaminantes tag-goblab tag-ia tag-innovacion-publica tag-inteligencia-artificial tag-machine-learning tag-sma\">\n\n\t\t\t<header>\n\t<a href=\"https:\/\/ilda.la\/empatia\/proyecto\/ia-para-el-cuidado-de-la-salud\/\" title=\"Calidad del aire para la salud de la poblaci\u00f3n\/SMA y GobLab\" ><img loading=\"lazy\" decoding=\"async\" width=\"4167\" height=\"4167\" src=\"https:\/\/ilda.la\/empatia\/wp-content\/uploads\/2021\/04\/Calidad-del-aire-Chile.png\" class=\"attachment-post-thumbnail size-post-thumbnail wp-post-image\" alt=\"\" srcset=\"https:\/\/ilda.la\/empatia\/wp-content\/uploads\/2021\/04\/Calidad-del-aire-Chile.png 4167w, https:\/\/ilda.la\/empatia\/wp-content\/uploads\/2021\/04\/Calidad-del-aire-Chile-300x300.png 300w, https:\/\/ilda.la\/empatia\/wp-content\/uploads\/2021\/04\/Calidad-del-aire-Chile-1024x1024.png 1024w, https:\/\/ilda.la\/empatia\/wp-content\/uploads\/2021\/04\/Calidad-del-aire-Chile-150x150.png 150w, https:\/\/ilda.la\/empatia\/wp-content\/uploads\/2021\/04\/Calidad-del-aire-Chile-1536x1536.png 1536w, https:\/\/ilda.la\/empatia\/wp-content\/uploads\/2021\/04\/Calidad-del-aire-Chile-2048x2048.png 2048w\" sizes=\"auto, (max-width: 4167px) 100vw, 4167px\" \/><\/a>\n\t<\/header>\n\t\n\n<main>\n\t<h4 class=\"subtitulo-dos\"><a href=\"https:\/\/ilda.la\/empatia\/proyectos\/\">Proyecto<\/a><\/h4>\n\t<h2 class=\"entry-title titulo-dos\"><a href=\"https:\/\/ilda.la\/empatia\/proyecto\/ia-para-el-cuidado-de-la-salud\/\" title=\"Calidad del aire para la salud de la poblaci\u00f3n\/SMA y GobLab\" rel=\"bookmark\" >Calidad del aire para la salud de la poblaci\u00f3n\/SMA y GobLab<\/a>\n<\/h2> \n<div class=\"exc texto\">\n\t<p>CHILE. Este proyecto de la Superintendencia del Medioambiente de Chile\/ SMA y el GobLabUAI de la Universidad Adolfo Ib\u00e1\u00f1ez, tiene como objetivo implementar una<\/p>\n<\/div>\n<\/main>\n<\/article>\t\t\t\t\t\n<article id=\"post-146\" class=\"small-post post-146 proyecto type-proyecto status-publish has-post-thumbnail hentry\">\n\n\t\t\t<header>\n\t<a href=\"https:\/\/ilda.la\/empatia\/en\/proyecto\/ia2\/\" title=\"IA2\" ><img loading=\"lazy\" decoding=\"async\" width=\"376\" height=\"377\" src=\"https:\/\/ilda.la\/empatia\/wp-content\/uploads\/2021\/04\/ia2.png\" class=\"attachment-post-thumbnail size-post-thumbnail wp-post-image\" alt=\"\" srcset=\"https:\/\/ilda.la\/empatia\/wp-content\/uploads\/2021\/04\/ia2.png 376w, https:\/\/ilda.la\/empatia\/wp-content\/uploads\/2021\/04\/ia2-300x300.png 300w, https:\/\/ilda.la\/empatia\/wp-content\/uploads\/2021\/04\/ia2-150x150.png 150w\" sizes=\"auto, (max-width: 376px) 100vw, 376px\" \/><\/a>\n\t<\/header>\n\t\n\n<main>\n\t<h4 class=\"subtitulo-dos\"><a href=\"https:\/\/ilda.la\/empatia\/proyectos\/\">Proyecto<\/a><\/h4>\n\t<h2 class=\"entry-title titulo-dos\"><a href=\"https:\/\/ilda.la\/empatia\/en\/proyecto\/ia2\/\" title=\"IA2\" rel=\"bookmark\" >IA2<\/a>\n<\/h2> \n<div class=\"exc texto\">\n\t<p>The Camb\u00e1 Cooperative project seeks to contribute to the deployment of open justice policies through the development of a technological tool that accompanies the<\/p>\n<\/div>\n<\/main>\n<\/article>\t\t\t\t\t\n<article id=\"post-142\" class=\"small-post post-142 proyecto type-proyecto status-publish has-post-thumbnail hentry tag-brasil tag-diarios-oficiais tag-empatia tag-ia tag-ilda tag-inteligencia-artificial tag-inteligencia-artificial-2 tag-municipios tag-okfbr\">\n\n\t\t\t<header>\n\t<a href=\"https:\/\/ilda.la\/empatia\/proyecto\/querido-diario\/\" title=\"\u201cQuerido Di\u00e1rio\u201d\/ Acesso aberto aos di\u00e1rios oficiais municipais\" ><img loading=\"lazy\" decoding=\"async\" width=\"369\" height=\"369\" src=\"https:\/\/ilda.la\/empatia\/wp-content\/uploads\/2021\/04\/queridodiario.png\" class=\"attachment-post-thumbnail size-post-thumbnail wp-post-image\" alt=\"\" srcset=\"https:\/\/ilda.la\/empatia\/wp-content\/uploads\/2021\/04\/queridodiario.png 369w, https:\/\/ilda.la\/empatia\/wp-content\/uploads\/2021\/04\/queridodiario-300x300.png 300w, https:\/\/ilda.la\/empatia\/wp-content\/uploads\/2021\/04\/queridodiario-150x150.png 150w\" sizes=\"auto, (max-width: 369px) 100vw, 369px\" \/><\/a>\n\t<\/header>\n\t\n\n<main>\n\t<h4 class=\"subtitulo-dos\"><a href=\"https:\/\/ilda.la\/empatia\/proyectos\/\">Proyecto<\/a><\/h4>\n\t<h2 class=\"entry-title titulo-dos\"><a href=\"https:\/\/ilda.la\/empatia\/proyecto\/querido-diario\/\" title=\"\u201cQuerido Di\u00e1rio\u201d\/ Acesso aberto aos di\u00e1rios oficiais municipais\" rel=\"bookmark\" >\u201cQuerido Di\u00e1rio\u201d\/ Acesso aberto aos di\u00e1rios oficiais municipais<\/a>\n<\/h2> \n<div class=\"exc texto\">\n\t<p>BRASIL. O Projeto \u201cQuerido Di\u00e1rio\u201d da Open Knowledge Foundation Brasil (OKFBR) prop\u00f5e utilizar intelig\u00eancia artificial para classificar, contextualizar e expandir a informa\u00e7\u00e3o contida nos<\/p>\n<\/div>\n<\/main>\n<\/article>\t\t\t<\/div>\n\t\t<a href=\"https:\/\/ilda.la\/empatia\/proyectos\/\" class=\"boton s-azul\" style=\"display: table;margin:auto; min-width: 30%; text-align: center;\">Todos los proyectos<\/a>\n\t<\/section>\n\n\n\n\n<section id=\"aliados\" class=\"site-section\">\n\t<div class=\"separador\"> <\/div>\n\t<div class=\"encabezado-contenedor no-pad\">\n<header class=\"encabezado-ilda sin-linea\">\n\t<div class=\"big-container contenedor\">\n\t<div class=\"parte-uno\">\n\t\t\t\t<h2 class=\"titulo-uno\">Aliados<\/h2>\n\t<\/div>\n\t<div class=\"parte-dos\">\n\t\t\n\t<\/div>\n\t<\/div>\n<\/header>\n<\/div>\n<main class=\"contenido\">\n\t<div class=\"big-container\">\n\t\t<div class=\"parte-uno\">\n\t\t\t<div class=\"sep\"><\/div>\n\t\t\t<div class=\"texto\">\n\t\t\t\t<p>Este proyecto tiene como objetivo resolver problemas p\u00fablicos en la regi\u00f3n Am\u00e9rica Latina y Caribe (LAC por sus siglas en ingl\u00e9s) el marco del proyecto global Artificial Intelligence for Development (AI4D) del Centro Internacional de Investigaciones para el Desarrollo (IDRC por sus siglas en ingl\u00e9s). Este proyecto es dirigido por ILDA y Centro Latam Digital.<\/p>\n\t\t\t<\/div>\n\t\t<\/div>\n\t\t<div class=\"parte-dos\">\n\t\t\t<section class=\"lista-aliados\">\n\t\t\t\t\t\t\t\t<article class=\"aliado doble\">\n\t\t\t\t\t<a href=\"\">\n\t\t\t\t\t<img decoding=\"async\" src=\"https:\/\/ilda.la\/empatia\/wp-content\/uploads\/2020\/02\/logo_ilda.svg\" alt=\"ILDA\" target=\"_blank\">\t\t\n\t\t\t\t\t<\/a>\n\t\t\t\t<\/article>\n\t\t\t\t\t\t\t\t<article class=\"aliado doble\">\n\t\t\t\t\t<a href=\"\">\n\t\t\t\t\t<img decoding=\"async\" src=\"https:\/\/ilda.la\/empatia\/wp-content\/uploads\/2020\/02\/logo_latamdig.svg\" alt=\"LATAM DIGITAL\" target=\"_blank\">\t\t\n\t\t\t\t\t<\/a>\n\t\t\t\t<\/article>\n\t\t\t\t\t\t\t\t<article class=\"aliado doble\">\n\t\t\t\t\t<a href=\"\">\n\t\t\t\t\t<img decoding=\"async\" src=\"https:\/\/ilda.la\/empatia\/wp-content\/uploads\/2020\/02\/logo_idrc.svg\" alt=\"IDRC | CRDI\" target=\"_blank\">\t\t\n\t\t\t\t\t<\/a>\n\t\t\t\t<\/article>\n\t\t\t\t\t\t\t\t<article class=\"aliado doble\">\n\t\t\t\t\t<a href=\"\">\n\t\t\t\t\t<img decoding=\"async\" src=\"https:\/\/ilda.la\/empatia\/wp-content\/uploads\/2021\/04\/logo-bid.png\" alt=\"BID\" target=\"_blank\">\t\t\n\t\t\t\t\t<\/a>\n\t\t\t\t<\/article>\n\t\t\t\t\t\t\t<\/section>\n\t\t<\/div>\n\t<\/div>\n<\/main>\n<div class=\"separador\"> <\/div>\n<\/section>\n\n\n<p><\/p>\n","protected":false},"excerpt":{"rendered":"","protected":false},"author":1,"featured_media":0,"parent":0,"menu_order":0,"comment_status":"closed","ping_status":"closed","template":"page-inicio.php","meta":{"_acf_changed":false,"footnotes":""},"class_list":["post-8","page","type-page","status-publish","hentry"],"acf":[],"_links":{"self":[{"href":"https:\/\/ilda.la\/empatia\/wp-json\/wp\/v2\/pages\/8","targetHints":{"allow":["GET"]}}],"collection":[{"href":"https:\/\/ilda.la\/empatia\/wp-json\/wp\/v2\/pages"}],"about":[{"href":"https:\/\/ilda.la\/empatia\/wp-json\/wp\/v2\/types\/page"}],"author":[{"embeddable":true,"href":"https:\/\/ilda.la\/empatia\/wp-json\/wp\/v2\/users\/1"}],"replies":[{"embeddable":true,"href":"https:\/\/ilda.la\/empatia\/wp-json\/wp\/v2\/comments?post=8"}],"version-history":[{"count":28,"href":"https:\/\/ilda.la\/empatia\/wp-json\/wp\/v2\/pages\/8\/revisions"}],"predecessor-version":[{"id":391,"href":"https:\/\/ilda.la\/empatia\/wp-json\/wp\/v2\/pages\/8\/revisions\/391"}],"wp:attachment":[{"href":"https:\/\/ilda.la\/empatia\/wp-json\/wp\/v2\/media?parent=8"}],"curies":[{"name":"wp","href":"https:\/\/api.w.org\/{rel}","templated":true}]}}